{"id":18314,"date":"2020-10-01T12:22:26","date_gmt":"2020-10-01T12:22:26","guid":{"rendered":"https:\/\/www.levandulovachaloupka.cz\/kontakt\/"},"modified":"2025-05-03T14:56:37","modified_gmt":"2025-05-03T12:56:37","slug":"contact","status":"publish","type":"page","link":"https:\/\/www.levandulovachaloupka.cz\/en\/contact\/","title":{"rendered":"Contact"},"content":{"rendered":"\t\t<div data-elementor-type=\"wp-page\" data-elementor-id=\"18314\" class=\"elementor elementor-18314\">\n\t\t\t\t\t\t<section class=\"elementor-section elementor-top-section elementor-element elementor-element-46dcb7b elementor-section-boxed elementor-section-height-default elementor-section-height-default qodef-elementor-content-no\" data-id=\"46dcb7b\" data-element_type=\"section\">\n\t\t\t\t\t\t<div class=\"elementor-container elementor-column-gap-default\">\n\t\t\t\t\t<div class=\"elementor-column elementor-col-50 elementor-top-column elementor-element elementor-element-f8db21b\" data-id=\"f8db21b\" data-element_type=\"column\">\n\t\t\t<div class=\"elementor-widget-wrap elementor-element-populated\">\n\t\t\t\t\t\t<div class=\"elementor-element elementor-element-0256217 elementor-widget elementor-widget-reina_core_section_title\" data-id=\"0256217\" data-element_type=\"widget\" data-widget_type=\"reina_core_section_title.default\">\n\t\t\t\t<div class=\"elementor-widget-container\">\n\t\t\t\t\t<div class=\"qodef-shortcode qodef-m qodef-section-title\">\n\t<div class=\"qodef-m-heading\">\n\t\t\t<span class=\"qodef-m-subtitle qodef-h7\" style=\"color: #ACB7BB\">Contact me<\/span>\n\t\t\t<h4 class=\"qodef-m-title\" >\n\t\t\t\t\tOli Ne\u0161porov\u00e1\t\t\t<\/h4>\n\t<\/div>\n\t\t<\/div>\t\t\t\t<\/div>\n\t\t\t\t<\/div>\n\t\t\t\t<div class=\"elementor-element elementor-element-6e8f3d1 elementor-widget elementor-widget-reina_core_icon_with_text\" data-id=\"6e8f3d1\" data-element_type=\"widget\" data-widget_type=\"reina_core_icon_with_text.default\">\n\t\t\t\t<div class=\"elementor-widget-container\">\n\t\t\t\t\t<div class=\"qodef-shortcode qodef-m qodef-icon-with-text qodef-layout--before-content qodef--icon-pack\">\n\t<div class=\"qodef-m-icon-wrapper\">\n\t\t<span class=\"qodef-shortcode qodef-m qodef-icon-holder qodef-size--default qodef-layout--circle\"  >\t\t\t<a itemprop=\"url\" href=\"tel:+420776391102\" target=\"_self\">            <span class=\"qodef-icon-elegant-icons icon_phone qodef-icon qodef-e\" style=\"\" ><\/span>            <\/a>\t<\/span>\t<\/div>\n\t<div class=\"qodef-m-content\">\n\t\t\t<p class=\"qodef-m-title\" >\n\t\t\t\t\t<a itemprop=\"url\" href=\"tel:+420776391102\" target=\"_self\">\n\t\t\t\t\t<span class=\"qodef-m-title-text\">+420 776 391 102<\/span>\n\t\t\t\t\t<\/a>\n\t\t\t<\/p>\n\t\t\t<\/div>\n<\/div>\t\t\t\t<\/div>\n\t\t\t\t<\/div>\n\t\t\t\t<div class=\"elementor-element elementor-element-b9e0f59 elementor-widget elementor-widget-reina_core_icon_with_text\" data-id=\"b9e0f59\" data-element_type=\"widget\" data-widget_type=\"reina_core_icon_with_text.default\">\n\t\t\t\t<div class=\"elementor-widget-container\">\n\t\t\t\t\t<div class=\"qodef-shortcode qodef-m qodef-icon-with-text qodef-layout--before-content qodef--icon-pack\">\n\t<div class=\"qodef-m-icon-wrapper\">\n\t\t<span class=\"qodef-shortcode qodef-m qodef-icon-holder qodef-size--default qodef-layout--circle\"  >\t\t\t<a itemprop=\"url\" href=\"\" target=\"_self\">            <span class=\"qodef-icon-elegant-icons icon_mail qodef-icon qodef-e\" style=\"\" ><\/span>            <\/a>\t<\/span>\t<\/div>\n\t<div class=\"qodef-m-content\">\n\t\t\t<p class=\"qodef-m-title\" >\n\t\t\t\t\t<a itemprop=\"url\" href=\"\" target=\"_self\">\n\t\t\t\t\t<span class=\"qodef-m-title-text\">onesporova@gmail.com<\/span>\n\t\t\t\t\t<\/a>\n\t\t\t<\/p>\n\t\t\t<\/div>\n<\/div>\t\t\t\t<\/div>\n\t\t\t\t<\/div>\n\t\t\t\t<div class=\"elementor-element elementor-element-b704ba4 elementor-widget elementor-widget-reina_core_icon_with_text\" data-id=\"b704ba4\" data-element_type=\"widget\" data-widget_type=\"reina_core_icon_with_text.default\">\n\t\t\t\t<div class=\"elementor-widget-container\">\n\t\t\t\t\t<div class=\"qodef-shortcode qodef-m qodef-icon-with-text qodef-layout--before-content qodef--icon-pack\">\n\t<div class=\"qodef-m-icon-wrapper\">\n\t\t<span class=\"qodef-shortcode qodef-m qodef-icon-holder qodef-size--default qodef-layout--circle\"  >\t\t\t<a itemprop=\"url\" href=\"https:\/\/www.facebook.com\/profile.php?id=100006069346920\" target=\"_self\">            <span class=\"qodef-icon-elegant-icons social_facebook qodef-icon qodef-e\" style=\"\" ><\/span>            <\/a>\t<\/span>\t<\/div>\n\t<div class=\"qodef-m-content\">\n\t\t\t<p class=\"qodef-m-title\" >\n\t\t\t\t\t<a itemprop=\"url\" href=\"https:\/\/www.facebook.com\/profile.php?id=100006069346920\" target=\"_self\">\n\t\t\t\t\t<span class=\"qodef-m-title-text\">Facebook<\/span>\n\t\t\t\t\t<\/a>\n\t\t\t<\/p>\n\t\t\t<\/div>\n<\/div>\t\t\t\t<\/div>\n\t\t\t\t<\/div>\n\t\t\t\t<div class=\"elementor-element elementor-element-3ea7413 elementor-widget elementor-widget-reina_core_icon_with_text\" data-id=\"3ea7413\" data-element_type=\"widget\" data-widget_type=\"reina_core_icon_with_text.default\">\n\t\t\t\t<div class=\"elementor-widget-container\">\n\t\t\t\t\t<div class=\"qodef-shortcode qodef-m qodef-icon-with-text qodef-layout--before-content qodef--icon-pack\">\n\t<div class=\"qodef-m-icon-wrapper\">\n\t\t<span class=\"qodef-shortcode qodef-m qodef-icon-holder qodef-size--default qodef-layout--circle\"  >\t\t\t<a itemprop=\"url\" href=\"https:\/\/www.linkedin.com\/in\/olina-nesporova-4989904\/\" target=\"_self\">            <span class=\"qodef-icon-elegant-icons social_facebook qodef-icon qodef-e\" style=\"\" ><\/span>            <\/a>\t<\/span>\t<\/div>\n\t<div class=\"qodef-m-content\">\n\t\t\t<p class=\"qodef-m-title\" >\n\t\t\t\t\t<a itemprop=\"url\" href=\"https:\/\/www.linkedin.com\/in\/olina-nesporova-4989904\/\" target=\"_self\">\n\t\t\t\t\t<span class=\"qodef-m-title-text\">Linkedin<\/span>\n\t\t\t\t\t<\/a>\n\t\t\t<\/p>\n\t\t\t<\/div>\n<\/div>\t\t\t\t<\/div>\n\t\t\t\t<\/div>\n\t\t\t\t\t<\/div>\n\t\t<\/div>\n\t\t\t\t<div class=\"elementor-column elementor-col-50 elementor-top-column elementor-element elementor-element-06c8cd1\" data-id=\"06c8cd1\" data-element_type=\"column\">\n\t\t\t<div class=\"elementor-widget-wrap elementor-element-populated\">\n\t\t\t\t\t\t<div class=\"elementor-element elementor-element-b109d8f elementor-widget elementor-widget-reina_core_icon_with_text\" data-id=\"b109d8f\" data-element_type=\"widget\" data-widget_type=\"reina_core_icon_with_text.default\">\n\t\t\t\t<div class=\"elementor-widget-container\">\n\t\t\t\t\t<div class=\"qodef-shortcode qodef-m qodef-icon-with-text qodef-layout--before-content qodef--icon-pack\">\n\t<div class=\"qodef-m-icon-wrapper\">\n\t\t<span class=\"qodef-shortcode qodef-m qodef-icon-holder qodef-size--default qodef-layout--circle\"  >\t\t\t<a itemprop=\"url\" href=\"https:\/\/mapy.cz\/zakladni?x=15.0684375&#038;y=49.8300439&#038;z=12&#038;source=addr&#038;id=10172376\" target=\"_blank\">            <span class=\"qodef-icon-elegant-icons icon_pin qodef-icon qodef-e\" style=\"\" ><\/span>            <\/a>\t<\/span>\t<\/div>\n\t<div class=\"qodef-m-content\">\n\t\t\t<p class=\"qodef-m-title\" >\n\t\t\t\t\t<a itemprop=\"url\" href=\"https:\/\/mapy.cz\/zakladni?x=15.0684375&#038;y=49.8300439&#038;z=12&#038;source=addr&#038;id=10172376\" target=\"_blank\">\n\t\t\t\t\t<span class=\"qodef-m-title-text\">Ra\u0161ovice 22, okr. Kutn\u00e1 Hora, Levandulov\u00e1 chaloupka<\/span>\n\t\t\t\t\t<\/a>\n\t\t\t<\/p>\n\t\t\t<\/div>\n<\/div>\t\t\t\t<\/div>\n\t\t\t\t<\/div>\n\t\t\t\t<div class=\"elementor-element elementor-element-4d4c577 elementor-widget elementor-widget-reina_core_icon_with_text\" data-id=\"4d4c577\" data-element_type=\"widget\" data-widget_type=\"reina_core_icon_with_text.default\">\n\t\t\t\t<div class=\"elementor-widget-container\">\n\t\t\t\t\t<div class=\"qodef-shortcode qodef-m qodef-icon-with-text qodef-layout--before-content qodef--icon-pack\">\n\t<div class=\"qodef-m-icon-wrapper\">\n\t\t<span class=\"qodef-shortcode qodef-m qodef-icon-holder qodef-size--default qodef-layout--circle\"  >\t\t\t<a itemprop=\"url\" href=\"https:\/\/mapy.cz\/zakladni?x=14.4288596&#038;y=50.0987302&#038;z=17&#038;source=addr&#038;id=8986440\" target=\"_blank\">            <span class=\"qodef-icon-elegant-icons icon_pin qodef-icon qodef-e\" style=\"\" ><\/span>            <\/a>\t<\/span>\t<\/div>\n\t<div class=\"qodef-m-content\">\n\t\t\t<p class=\"qodef-m-title\" >\n\t\t\t\t\t<a itemprop=\"url\" href=\"https:\/\/mapy.cz\/zakladni?x=14.4288596&#038;y=50.0987302&#038;z=17&#038;source=addr&#038;id=8986440\" target=\"_blank\">\n\t\t\t\t\t<span class=\"qodef-m-title-text\">Praha 7, studio Pohled Pracovi\u0161t\u011b, Letohradsk\u00e1 16, Praha 7<\/span>\n\t\t\t\t\t<\/a>\n\t\t\t<\/p>\n\t\t\t<\/div>\n<\/div>\t\t\t\t<\/div>\n\t\t\t\t<\/div>\n\t\t\t\t<div class=\"elementor-element elementor-element-08ffd39 elementor-widget elementor-widget-reina_core_icon_with_text\" data-id=\"08ffd39\" data-element_type=\"widget\" data-widget_type=\"reina_core_icon_with_text.default\">\n\t\t\t\t<div class=\"elementor-widget-container\">\n\t\t\t\t\t<div class=\"qodef-shortcode qodef-m qodef-icon-with-text qodef-layout--before-content qodef--icon-pack\">\n\t<div class=\"qodef-m-icon-wrapper\">\n\t\t<span class=\"qodef-shortcode qodef-m qodef-icon-holder qodef-size--default qodef-layout--circle\"  >\t\t\t<a itemprop=\"url\" href=\"https:\/\/mapy.cz\/zakladni?x=14.7334144&#038;y=49.8786030&#038;z=17&#038;source=addr&#038;id=10407062\" target=\"_blank\">            <span class=\"qodef-icon-elegant-icons icon_pin qodef-icon qodef-e\" style=\"\" ><\/span>            <\/a>\t<\/span>\t<\/div>\n\t<div class=\"qodef-m-content\">\n\t\t\t<p class=\"qodef-m-title\" >\n\t\t\t\t\t<a itemprop=\"url\" href=\"https:\/\/mapy.cz\/zakladni?x=14.7334144&#038;y=49.8786030&#038;z=17&#038;source=addr&#038;id=10407062\" target=\"_blank\">\n\t\t\t\t\t<span class=\"qodef-m-title-text\">Centrum H-l\u00e1ska, M\u00edru 44, L\u0161t\u011bn\u00ed, okr. Bene\u0161ov<\/span>\n\t\t\t\t\t<\/a>\n\t\t\t<\/p>\n\t\t\t<\/div>\n<\/div>\t\t\t\t<\/div>\n\t\t\t\t<\/div>\n\t\t\t\t\t<\/div>\n\t\t<\/div>\n\t\t\t\t\t<\/div>\n\t\t<\/section>\n\t\t\t\t<section class=\"elementor-section elementor-top-section elementor-element elementor-element-087efad elementor-section-boxed elementor-section-height-default elementor-section-height-default qodef-elementor-content-no\" data-id=\"087efad\" data-element_type=\"section\">\n\t\t\t\t\t\t<div class=\"elementor-container elementor-column-gap-default\">\n\t\t\t\t\t<div class=\"elementor-column elementor-col-100 elementor-top-column elementor-element elementor-element-2cc13d5\" data-id=\"2cc13d5\" data-element_type=\"column\">\n\t\t\t<div class=\"elementor-widget-wrap elementor-element-populated\">\n\t\t\t\t\t\t<div class=\"elementor-element elementor-element-ec9f2fb elementor-widget elementor-widget-spacer\" data-id=\"ec9f2fb\" data-element_type=\"widget\" data-widget_type=\"spacer.default\">\n\t\t\t\t<div class=\"elementor-widget-container\">\n\t\t\t\t\t\t\t<div class=\"elementor-spacer\">\n\t\t\t<div class=\"elementor-spacer-inner\"><\/div>\n\t\t<\/div>\n\t\t\t\t\t\t<\/div>\n\t\t\t\t<\/div>\n\t\t\t\t<div class=\"elementor-element elementor-element-c4c91e9 elementor-widget elementor-widget-reina_core_google_map\" data-id=\"c4c91e9\" data-element_type=\"widget\" data-widget_type=\"reina_core_google_map.default\">\n\t\t\t\t<div class=\"elementor-widget-container\">\n\t\t\t\t\t<div class=\"qodef-shortcode qodef-m qodef-google-map\">\n\t<div class=\"qodef-m-map\" id=\"qodef-map-id--580\" data-addresses='[\"Ra\u0161ovice 22\",\"Praha 7, studio Pohled Pracovi\u0161t\u011b, Letohradsk\u00e1 16, Praha 7\",\"M\u00edru 44, L\u0161t\u011bn\u00ed\"]' data-pin=https:\/\/www.levandulovachaloupka.cz\/wp-content\/uploads\/2020\/10\/contact-2-img-2.png data-unique-id=580 data-height=450px><\/div>\n<\/div>\t\t\t\t<\/div>\n\t\t\t\t<\/div>\n\t\t\t\t\t<\/div>\n\t\t<\/div>\n\t\t\t\t\t<\/div>\n\t\t<\/section>\n\t\t\t\t<section class=\"elementor-section elementor-top-section elementor-element elementor-element-4a05822 qodef-elementor-content-grid elementor-reverse-tablet elementor-reverse-mobile elementor-section-boxed elementor-section-height-default elementor-section-height-default\" data-id=\"4a05822\" data-element_type=\"section\">\n\t\t\t\t\t\t<div class=\"elementor-container elementor-column-gap-default\">\n\t\t\t\t\t<div class=\"elementor-column elementor-col-100 elementor-top-column elementor-element elementor-element-fea77dd\" data-id=\"fea77dd\" data-element_type=\"column\">\n\t\t\t<div class=\"elementor-widget-wrap elementor-element-populated\">\n\t\t\t\t\t\t<div class=\"elementor-element elementor-element-d17b22b elementor-widget elementor-widget-menu-anchor\" data-id=\"d17b22b\" data-element_type=\"widget\" data-widget_type=\"menu-anchor.default\">\n\t\t\t\t<div class=\"elementor-widget-container\">\n\t\t\t\t\t\t\t<div class=\"elementor-menu-anchor\" id=\"rozvrh\"><\/div>\n\t\t\t\t\t\t<\/div>\n\t\t\t\t<\/div>\n\t\t\t\t<div class=\"elementor-element elementor-element-211dc5a elementor-widget elementor-widget-text-editor\" data-id=\"211dc5a\" data-element_type=\"widget\" data-widget_type=\"text-editor.default\">\n\t\t\t\t<div class=\"elementor-widget-container\">\n\t\t\t\t\t\t\t\t\t<h2>Schedule &amp; Availability<\/h2>\t\t\t\t\t\t\t\t<\/div>\n\t\t\t\t<\/div>\n\t\t\t\t<div class=\"elementor-element elementor-element-6e164fe elementor-widget elementor-widget-html\" data-id=\"6e164fe\" data-element_type=\"widget\" data-widget_type=\"html.default\">\n\t\t\t\t<div class=\"elementor-widget-container\">\n\t\t\t\t\t<iframe src=\"https:\/\/calendar.google.com\/calendar\/embed?height=600&amp;wkst=2&amp;bgcolor=%23ffffff&amp;ctz=Europe%2FPrague&amp;src=MW5ncGltN280bTYyc2IxanMybHQwM2tvNDhAZ3JvdXAuY2FsZW5kYXIuZ29vZ2xlLmNvbQ&amp;color=%237CB342&amp;showTz=0&amp;showCalendars=0\" style=\"border:solid 1px #777\" width=\"800\" height=\"600\" frameborder=\"0\" scrolling=\"no\"><\/iframe>\t\t\t\t<\/div>\n\t\t\t\t<\/div>\n\t\t\t\t<div class=\"elementor-element elementor-element-1f7283e elementor-widget elementor-widget-menu-anchor\" data-id=\"1f7283e\" data-element_type=\"widget\" data-widget_type=\"menu-anchor.default\">\n\t\t\t\t<div class=\"elementor-widget-container\">\n\t\t\t\t\t\t\t<div class=\"elementor-menu-anchor\" id=\"workshopy\"><\/div>\n\t\t\t\t\t\t<\/div>\n\t\t\t\t<\/div>\n\t\t\t\t<div class=\"elementor-element elementor-element-672da42 elementor-widget-divider--view-line elementor-widget elementor-widget-divider\" data-id=\"672da42\" data-element_type=\"widget\" data-widget_type=\"divider.default\">\n\t\t\t\t<div class=\"elementor-widget-container\">\n\t\t\t\t\t\t\t<div class=\"elementor-divider\">\n\t\t\t<span class=\"elementor-divider-separator\">\n\t\t\t\t\t\t<\/span>\n\t\t<\/div>\n\t\t\t\t\t\t<\/div>\n\t\t\t\t<\/div>\n\t\t\t\t<div class=\"elementor-element elementor-element-027b25c elementor-widget elementor-widget-text-editor\" data-id=\"027b25c\" data-element_type=\"widget\" data-widget_type=\"text-editor.default\">\n\t\t\t\t<div class=\"elementor-widget-container\">\n\t\t\t\t\t\t\t\t\t<h2>Workshops &amp; Retreats<\/h2><div><strong>Resilience needs roots &#8211;<\/strong> Developing a silent place inside &#8211; September 2025 &#8211; more info <span style=\"text-decoration: underline;\"><a href=\"https:\/\/www.levandulovachaloupka.cz\/en\/resilience-needs-roots-developing-a-silent-please-inside\/\">here<\/a><\/span><\/div>\t\t\t\t\t\t\t\t<\/div>\n\t\t\t\t<\/div>\n\t\t\t\t<div class=\"elementor-element elementor-element-36f1a77 elementor-widget elementor-widget-menu-anchor\" data-id=\"36f1a77\" data-element_type=\"widget\" data-widget_type=\"menu-anchor.default\">\n\t\t\t\t<div class=\"elementor-widget-container\">\n\t\t\t\t\t\t\t<div class=\"elementor-menu-anchor\" id=\"objednatform\"><\/div>\n\t\t\t\t\t\t<\/div>\n\t\t\t\t<\/div>\n\t\t\t\t<div class=\"elementor-element elementor-element-50b7277 elementor-widget-divider--view-line elementor-widget elementor-widget-divider\" data-id=\"50b7277\" data-element_type=\"widget\" data-widget_type=\"divider.default\">\n\t\t\t\t<div class=\"elementor-widget-container\">\n\t\t\t\t\t\t\t<div class=\"elementor-divider\">\n\t\t\t<span class=\"elementor-divider-separator\">\n\t\t\t\t\t\t<\/span>\n\t\t<\/div>\n\t\t\t\t\t\t<\/div>\n\t\t\t\t<\/div>\n\t\t\t\t<div class=\"elementor-element elementor-element-f407f14 elementor-widget elementor-widget-text-editor\" data-id=\"f407f14\" data-element_type=\"widget\" data-widget_type=\"text-editor.default\">\n\t\t\t\t<div class=\"elementor-widget-container\">\n\t\t\t\t\t\t\t\t\t<h2>Booking form<\/h2><p>You can book a session or send a question via the following form. I will answer you soon. For overview of classes and available slots for individual sessions, please look at the calendar above.<\/p>\t\t\t\t\t\t\t\t<\/div>\n\t\t\t\t<\/div>\n\t\t\t\t<div class=\"elementor-element elementor-element-68015c9 elementor-widget elementor-widget-wp-widget-reina_core_contact_form_7\" data-id=\"68015c9\" data-element_type=\"widget\" data-widget_type=\"wp-widget-reina_core_contact_form_7.default\">\n\t\t\t\t<div class=\"elementor-widget-container\">\n\t\t\t\t\t\t\t\t<div class=\"qodef-contact-form-7\">\n\t\t\t\t\n<div class=\"wpcf7 no-js\" id=\"wpcf7-f18464-o1\" lang=\"en-US\" dir=\"ltr\" data-wpcf7-id=\"18464\">\n<div class=\"screen-reader-response\"><p role=\"status\" aria-live=\"polite\" aria-atomic=\"true\"><\/p> <ul><\/ul><\/div>\n<form action=\"\/en\/wp-json\/wp\/v2\/pages\/18314#wpcf7-f18464-o1\" method=\"post\" class=\"wpcf7-form init\" aria-label=\"Contact form\" novalidate=\"novalidate\" data-status=\"init\">\n<fieldset class=\"hidden-fields-container\"><input type=\"hidden\" name=\"_wpcf7\" value=\"18464\" \/><input type=\"hidden\" name=\"_wpcf7_version\" value=\"6.1.5\" \/><input type=\"hidden\" name=\"_wpcf7_locale\" value=\"en_US\" \/><input type=\"hidden\" name=\"_wpcf7_unit_tag\" value=\"wpcf7-f18464-o1\" \/><input type=\"hidden\" name=\"_wpcf7_container_post\" value=\"0\" \/><input type=\"hidden\" name=\"_wpcf7_posted_data_hash\" value=\"\" \/><input type=\"hidden\" name=\"_wpcf7_recaptcha_response\" value=\"\" \/>\n<\/fieldset>\n<div class=\"qodef-contact-form\">\n<span class=\"wpcf7-form-control-wrap\" data-name=\"your-message\"><textarea cols=\"10\" rows=\"6\" maxlength=\"2000\" class=\"wpcf7-form-control wpcf7-textarea wpcf7-validates-as-required\" aria-required=\"true\" aria-invalid=\"false\" placeholder=\"Please, let me know your order\/questions here\" name=\"your-message\"><\/textarea><\/span>\n<div class=\"qodef-cf-row\">\n<span class=\"wpcf7-form-control-wrap\" data-name=\"your-name\"><input size=\"40\" maxlength=\"400\" class=\"wpcf7-form-control wpcf7-text wpcf7-validates-as-required\" aria-required=\"true\" aria-invalid=\"false\" placeholder=\"Name\" value=\"\" type=\"text\" name=\"your-name\" \/><\/span>\n<span class=\"wpcf7-form-control-wrap\" data-name=\"telefon\"><input size=\"40\" maxlength=\"400\" class=\"wpcf7-form-control wpcf7-text\" aria-invalid=\"false\" placeholder=\"Phone\" value=\"\" type=\"text\" name=\"telefon\" \/><\/span>\n<span class=\"wpcf7-form-control-wrap\" data-name=\"your-email\"><input size=\"40\" maxlength=\"400\" class=\"wpcf7-form-control wpcf7-email wpcf7-validates-as-required wpcf7-text wpcf7-validates-as-email\" aria-required=\"true\" aria-invalid=\"false\" placeholder=\"E-mail\" value=\"\" type=\"email\" name=\"your-email\" \/><\/span>\n<\/div>\n<button class=\"wpcf7-form-control wpcf7-submit qodef-button qodef-size--normal qodef-type--filled qodef-m\" type=\"submit\"><span class=\"qodef-m-text\">Send<\/span><span class=\"qodef-m-background\"><\/span><\/button>\n<\/div><div class=\"wpcf7-response-output\" aria-hidden=\"true\"><\/div>\n<\/form>\n<\/div>\n\t\t\t<\/div>\n\t\t\t\t\t\t\t<\/div>\n\t\t\t\t<\/div>\n\t\t\t\t<div class=\"elementor-element elementor-element-70406da elementor-widget elementor-widget-text-editor\" data-id=\"70406da\" data-element_type=\"widget\" data-widget_type=\"text-editor.default\">\n\t\t\t\t<div class=\"elementor-widget-container\">\n\t\t\t\t\t\t\t\t\t<p>Your personal data is safe with us and will be processed with your consent according to the principles of personal data protection based on Czech and European legislation. By pressing the button you consent to the processing of your data.<\/p>\t\t\t\t\t\t\t\t<\/div>\n\t\t\t\t<\/div>\n\t\t\t\t\t<\/div>\n\t\t<\/div>\n\t\t\t\t\t<\/div>\n\t\t<\/section>\n\t\t\t\t<\/div>\n\t\t","protected":false},"excerpt":{"rendered":"<p>Contact me Oli Ne\u0161porov\u00e1 +420 776 391 102 onesporova@gmail.com Facebook Linkedin Ra\u0161ovice 22, okr. Kutn\u00e1 Hora, Levandulov\u00e1 chaloupka Praha 7, studio Pohled Pracovi\u0161t\u011b, Letohradsk\u00e1 16, Praha 7 Centrum H-l\u00e1ska, M\u00edru 44, L\u0161t\u011bn\u00ed, okr. Bene\u0161ov Schedule &amp; Availability Workshops &amp; Retreats Resilience needs roots &#8211; Developing a silent place inside &#8211; September 2025 &#8211; more info [&hellip;]<\/p>\n","protected":false},"author":1,"featured_media":0,"parent":0,"menu_order":0,"comment_status":"closed","ping_status":"closed","template":"page-full-width.php","meta":{"footnotes":""},"class_list":["post-18314","page","type-page","status-publish","hentry"],"_links":{"self":[{"href":"https:\/\/www.levandulovachaloupka.cz\/en\/wp-json\/wp\/v2\/pages\/18314","targetHints":{"allow":["GET"]}}],"collection":[{"href":"https:\/\/www.levandulovachaloupka.cz\/en\/wp-json\/wp\/v2\/pages"}],"about":[{"href":"https:\/\/www.levandulovachaloupka.cz\/en\/wp-json\/wp\/v2\/types\/page"}],"author":[{"embeddable":true,"href":"https:\/\/www.levandulovachaloupka.cz\/en\/wp-json\/wp\/v2\/users\/1"}],"replies":[{"embeddable":true,"href":"https:\/\/www.levandulovachaloupka.cz\/en\/wp-json\/wp\/v2\/comments?post=18314"}],"version-history":[{"count":17,"href":"https:\/\/www.levandulovachaloupka.cz\/en\/wp-json\/wp\/v2\/pages\/18314\/revisions"}],"predecessor-version":[{"id":19274,"href":"https:\/\/www.levandulovachaloupka.cz\/en\/wp-json\/wp\/v2\/pages\/18314\/revisions\/19274"}],"wp:attachment":[{"href":"https:\/\/www.levandulovachaloupka.cz\/en\/wp-json\/wp\/v2\/media?parent=18314"}],"curies":[{"name":"wp","href":"https:\/\/api.w.org\/{rel}","templated":true}]}}